{"id":109,"date":"2023-10-06T15:34:33","date_gmt":"2023-10-06T15:34:33","guid":{"rendered":"http:\/\/magrit.studio\/?page_id=109"},"modified":"2023-11-07T16:31:34","modified_gmt":"2023-11-07T16:31:34","slug":"about","status":"publish","type":"page","link":"https:\/\/magrit.studio\/esp\/about\/","title":{"rendered":"nosotros"},"content":{"rendered":"<p><div class=\"fusion-fullwidth fullwidth-box fusion-builder-row-1 fusion-flex-container has-pattern-background has-mask-background nonhundred-percent-fullwidth hundred-percent-height hundred-percent-height-center-content non-hundred-percent-height-scrolling fusion-no-small-visibility fusion-no-medium-visibility\" style=\"--awb-border-radius-top-left:0px;--awb-border-radius-top-right:0px;--awb-border-radius-bottom-right:0px;--awb-border-radius-bottom-left:0px;--awb-flex-wrap:wrap;\" ><div class=\"fusion-builder-row fusion-row fusion-flex-align-items-flex-start fusion-flex-align-content-flex-start fusion-flex-content-wrap\" style=\"max-width:104%;margin-left: calc(-4% \/ 2 );margin-right: calc(-4% \/ 2 );\"><div class=\"fusion-layout-column fusion_builder_column fusion-builder-column-0 fusion_builder_column_1_1 1_1 fusion-flex-column\" style=\"--awb-bg-size:cover;--awb-width-large:100%;--awb-margin-top-large:-5px;--awb-spacing-right-large:1.92%;--awb-margin-bottom-large:20px;--awb-spacing-left-large:1.92%;--awb-width-medium:100%;--awb-order-medium:0;--awb-spacing-right-medium:1.92%;--awb-spacing-left-medium:1.92%;--awb-width-small:100%;--awb-order-small:0;--awb-spacing-right-small:1.92%;--awb-spacing-left-small:1.92%;\"><div class=\"fusion-column-wrapper fusion-column-has-shadow fusion-flex-justify-content-flex-start fusion-content-layout-column\"><div class=\"fusion-text fusion-text-1\" style=\"--awb-content-alignment:left;--awb-font-size:45px;\"><p>Magrit Studio es un estudio de visualizaci\u00f3n din\u00e1mico fundado en 2019. Trabajando en conjunto con arquitectos, dise\u00f1adores y artistas de todo el mundo, creamos visuales inmersivos y atmosf\u00e9ricos para proyectos que a\u00fan no se han materializado.<\/p>\n<p>&nbsp;<\/p>\n<p>Nuestro m\u00e9todo combina conocimiento de la fotograf\u00eda con habilidades de composici\u00f3n, respaldado por un profundo entendimiento de la arquitectura, software de renderizaci\u00f3n avanzado, t\u00e9cnicas expertas de pintura matte y avances innovadores en inteligencia artificial, todo ello convergiendo para producir resultados impactantes.<\/p>\n<p>&nbsp;<\/p>\n<p>Magrit Studio esta basado en Buenos Aires, Argentina + Miami, Estados Unidos.<\/p>\n<p>Disponible en todo el mundo.<\/p>\n<\/div><\/div><\/div><\/div><\/div><div class=\"fusion-fullwidth fullwidth-box fusion-builder-row-2 fusion-flex-container has-pattern-background has-mask-background nonhundred-percent-fullwidth hundred-percent-height hundred-percent-height-center-content non-hundred-percent-height-scrolling fusion-no-large-visibility\" style=\"--awb-border-radius-top-left:0px;--awb-border-radius-top-right:0px;--awb-border-radius-bottom-right:0px;--awb-border-radius-bottom-left:0px;--awb-flex-wrap:wrap;\" ><div class=\"fusion-builder-row fusion-row fusion-flex-align-items-flex-start fusion-flex-align-content-flex-start fusion-flex-content-wrap\" style=\"max-width:104%;margin-left: calc(-4% \/ 2 );margin-right: calc(-4% \/ 2 );\"><div class=\"fusion-layout-column fusion_builder_column fusion-builder-column-1 fusion_builder_column_1_1 1_1 fusion-flex-column\" style=\"--awb-bg-size:cover;--awb-width-large:100%;--awb-margin-top-large:0px;--awb-spacing-right-large:1.92%;--awb-margin-bottom-large:20px;--awb-spacing-left-large:1.92%;--awb-width-medium:100%;--awb-order-medium:0;--awb-spacing-right-medium:1.92%;--awb-spacing-left-medium:1.92%;--awb-width-small:100%;--awb-order-small:0;--awb-spacing-right-small:1.92%;--awb-spacing-left-small:1.92%;\"><div class=\"fusion-column-wrapper fusion-column-has-shadow fusion-flex-justify-content-flex-start fusion-content-layout-column\"><div class=\"fusion-text fusion-text-2\" style=\"--awb-font-size:25px;\"><p>Magrit Studio es un estudio din\u00e1mico de visualizaci\u00f3n fundado en 2019. Trabajando en conjunto con arquitectos, dise\u00f1adores y artistas de todo el mundo, creamos visuales inmersivas y atmosf\u00e9ricos para proyectos que a\u00fan no se han materializado.<\/p>\n<p>Nuestro m\u00e9todo combina conocimiento de la fotograf\u00eda con habilidades de composici\u00f3n, respaldado por un profundo entendimiento de la arquitectura, software de renderizaci\u00f3n avanzado, t\u00e9cnicas expertas de pintura matte y avances innovadores en inteligencia artificial, todo ello convergiendo para producir resultados impactantes.<\/p>\n<p>Magrit Studio esta basado en Buenos Aires, Argentina + Miami, Estados Unidos.<\/p>\n<p>Disponible en todo el mundo.<\/p>\n<\/div><\/div><\/div><\/div><\/div><\/p>","protected":false},"excerpt":{"rendered":"","protected":false},"author":3,"featured_media":0,"parent":0,"menu_order":0,"comment_status":"closed","ping_status":"closed","template":"100-width.php","meta":{"footnotes":""},"_links":{"self":[{"href":"https:\/\/magrit.studio\/esp\/wp-json\/wp\/v2\/pages\/109"}],"collection":[{"href":"https:\/\/magrit.studio\/esp\/wp-json\/wp\/v2\/pages"}],"about":[{"href":"https:\/\/magrit.studio\/esp\/wp-json\/wp\/v2\/types\/page"}],"author":[{"embeddable":true,"href":"https:\/\/magrit.studio\/esp\/wp-json\/wp\/v2\/users\/3"}],"replies":[{"embeddable":true,"href":"https:\/\/magrit.studio\/esp\/wp-json\/wp\/v2\/comments?post=109"}],"version-history":[{"count":21,"href":"https:\/\/magrit.studio\/esp\/wp-json\/wp\/v2\/pages\/109\/revisions"}],"predecessor-version":[{"id":542,"href":"https:\/\/magrit.studio\/esp\/wp-json\/wp\/v2\/pages\/109\/revisions\/542"}],"wp:attachment":[{"href":"https:\/\/magrit.studio\/esp\/wp-json\/wp\/v2\/media?parent=109"}],"curies":[{"name":"wp","href":"https:\/\/api.w.org\/{rel}","templated":true}]}}