{"id":109,"date":"2023-10-06T15:34:33","date_gmt":"2023-10-06T15:34:33","guid":{"rendered":"http:\/\/magrit.studio\/?page_id=109"},"modified":"2023-11-07T16:31:34","modified_gmt":"2023-11-07T16:31:34","slug":"about","status":"publish","type":"page","link":"https:\/\/magrit.studio\/fr\/about\/","title":{"rendered":"nous"},"content":{"rendered":"<p><div class=\"fusion-fullwidth fullwidth-box fusion-builder-row-1 fusion-flex-container has-pattern-background has-mask-background nonhundred-percent-fullwidth hundred-percent-height hundred-percent-height-center-content non-hundred-percent-height-scrolling fusion-no-small-visibility fusion-no-medium-visibility\" style=\"--awb-border-radius-top-left:0px;--awb-border-radius-top-right:0px;--awb-border-radius-bottom-right:0px;--awb-border-radius-bottom-left:0px;--awb-flex-wrap:wrap;\" ><div class=\"fusion-builder-row fusion-row fusion-flex-align-items-flex-start fusion-flex-align-content-flex-start fusion-flex-content-wrap\" style=\"max-width:104%;margin-left: calc(-4% \/ 2 );margin-right: calc(-4% \/ 2 );\"><div class=\"fusion-layout-column fusion_builder_column fusion-builder-column-0 fusion_builder_column_1_1 1_1 fusion-flex-column\" style=\"--awb-bg-size:cover;--awb-width-large:100%;--awb-margin-top-large:-5px;--awb-spacing-right-large:1.92%;--awb-margin-bottom-large:20px;--awb-spacing-left-large:1.92%;--awb-width-medium:100%;--awb-order-medium:0;--awb-spacing-right-medium:1.92%;--awb-spacing-left-medium:1.92%;--awb-width-small:100%;--awb-order-small:0;--awb-spacing-right-small:1.92%;--awb-spacing-left-small:1.92%;\"><div class=\"fusion-column-wrapper fusion-column-has-shadow fusion-flex-justify-content-flex-start fusion-content-layout-column\"><div class=\"fusion-text fusion-text-1\" style=\"--awb-content-alignment:left;--awb-font-size:45px;\"><p>Magrit Studio est un studio de visualisation dynamique \u00e9tabli en 2019. En forgeant des partenariats avec des architectes, des designers et des artistes du monde entier, nous cr\u00e9ons des visuels immersifs et atmosph\u00e9riques pour des projets encore \u00e0 concr\u00e9tiser.<\/p>\n<p>&nbsp;<\/p>\n<p>Notre approche fusionne harmonieusement l'art de la photographie avec une finesse compositionnelle, renforc\u00e9e par une profonde compr\u00e9hension architecturale, des logiciels de rendu avanc\u00e9s, des techniques de peinture matte expertes et des avanc\u00e9es r\u00e9volutionnaires en mati\u00e8re d'IA, tout convergeant pour produire des r\u00e9sultats impactants.<\/p>\n<p>&nbsp;<\/p>\n<p>Magrit Studio est bas\u00e9 \u00e0 Buenos Aires, Argentine + \u00e0 Miami, \u00c9tats-Unis.<\/p>\n<p>Disponible \u00e0 l'\u00e9chelle mondiale.<\/p>\n<\/div><\/div><\/div><\/div><\/div><div class=\"fusion-fullwidth fullwidth-box fusion-builder-row-2 fusion-flex-container has-pattern-background has-mask-background nonhundred-percent-fullwidth hundred-percent-height hundred-percent-height-center-content non-hundred-percent-height-scrolling fusion-no-large-visibility\" style=\"--awb-border-radius-top-left:0px;--awb-border-radius-top-right:0px;--awb-border-radius-bottom-right:0px;--awb-border-radius-bottom-left:0px;--awb-flex-wrap:wrap;\" ><div class=\"fusion-builder-row fusion-row fusion-flex-align-items-flex-start fusion-flex-align-content-flex-start fusion-flex-content-wrap\" style=\"max-width:104%;margin-left: calc(-4% \/ 2 );margin-right: calc(-4% \/ 2 );\"><div class=\"fusion-layout-column fusion_builder_column fusion-builder-column-1 fusion_builder_column_1_1 1_1 fusion-flex-column\" style=\"--awb-bg-size:cover;--awb-width-large:100%;--awb-margin-top-large:0px;--awb-spacing-right-large:1.92%;--awb-margin-bottom-large:20px;--awb-spacing-left-large:1.92%;--awb-width-medium:100%;--awb-order-medium:0;--awb-spacing-right-medium:1.92%;--awb-spacing-left-medium:1.92%;--awb-width-small:100%;--awb-order-small:0;--awb-spacing-right-small:1.92%;--awb-spacing-left-small:1.92%;\"><div class=\"fusion-column-wrapper fusion-column-has-shadow fusion-flex-justify-content-flex-start fusion-content-layout-column\"><div class=\"fusion-text fusion-text-2\" style=\"--awb-font-size:25px;\"><p>Magrit Studio est un studio de visualisation dynamique \u00e9tabli en 2019. En forgeant des partenariats avec des architectes, des designers et des artistes du monde entier, nous cr\u00e9ons des visuels immersifs et atmosph\u00e9riques pour des projets encore \u00e0 concr\u00e9tiser.<\/p>\n<p>Notre approche fusionne harmonieusement l'art de la photographie avec une finesse compositionnelle, renforc\u00e9e par une profonde compr\u00e9hension architecturale, des logiciels de rendu avanc\u00e9s, des techniques de peinture matte expertes et des avanc\u00e9es r\u00e9volutionnaires en mati\u00e8re d'IA, tout convergeant pour produire des r\u00e9sultats impactants.<\/p>\n<p>Magrit Studio est bas\u00e9 \u00e0 Buenos Aires, Argentine + \u00e0 Miami, \u00c9tats-Unis.<\/p>\n<p>Disponible \u00e0 l'\u00e9chelle mondiale.<\/p>\n<\/div><\/div><\/div><\/div><\/div><\/p>","protected":false},"excerpt":{"rendered":"","protected":false},"author":3,"featured_media":0,"parent":0,"menu_order":0,"comment_status":"closed","ping_status":"closed","template":"100-width.php","meta":{"footnotes":""},"_links":{"self":[{"href":"https:\/\/magrit.studio\/fr\/wp-json\/wp\/v2\/pages\/109"}],"collection":[{"href":"https:\/\/magrit.studio\/fr\/wp-json\/wp\/v2\/pages"}],"about":[{"href":"https:\/\/magrit.studio\/fr\/wp-json\/wp\/v2\/types\/page"}],"author":[{"embeddable":true,"href":"https:\/\/magrit.studio\/fr\/wp-json\/wp\/v2\/users\/3"}],"replies":[{"embeddable":true,"href":"https:\/\/magrit.studio\/fr\/wp-json\/wp\/v2\/comments?post=109"}],"version-history":[{"count":21,"href":"https:\/\/magrit.studio\/fr\/wp-json\/wp\/v2\/pages\/109\/revisions"}],"predecessor-version":[{"id":542,"href":"https:\/\/magrit.studio\/fr\/wp-json\/wp\/v2\/pages\/109\/revisions\/542"}],"wp:attachment":[{"href":"https:\/\/magrit.studio\/fr\/wp-json\/wp\/v2\/media?parent=109"}],"curies":[{"name":"wp","href":"https:\/\/api.w.org\/{rel}","templated":true}]}}